{"id":23,"date":"2023-07-21T14:49:59","date_gmt":"2023-07-21T14:49:59","guid":{"rendered":"https:\/\/actionpositive.ca\/new\/?page_id=23"},"modified":"2025-10-30T17:02:59","modified_gmt":"2025-10-30T17:02:59","slug":"home","status":"publish","type":"page","link":"https:\/\/actionpositive.ca\/new\/","title":{"rendered":"Home"},"content":{"rendered":"\n<div class=\"wp-block-cover alignfull is-light\" style=\"min-height:100vh;aspect-ratio:unset;\"><img loading=\"lazy\" decoding=\"async\" width=\"1440\" height=\"824\" class=\"wp-block-cover__image-background wp-image-53\" alt=\"\" src=\"https:\/\/actionpositive.ca\/new\/wp-content\/uploads\/2023\/07\/APVS-Green-Gradient.png\" data-object-fit=\"cover\" srcset=\"https:\/\/actionpositive.ca\/new\/wp-content\/uploads\/2023\/07\/APVS-Green-Gradient.png 1440w, https:\/\/actionpositive.ca\/new\/wp-content\/uploads\/2023\/07\/APVS-Green-Gradient-300x172.png 300w, https:\/\/actionpositive.ca\/new\/wp-content\/uploads\/2023\/07\/APVS-Green-Gradient-1024x586.png 1024w, https:\/\/actionpositive.ca\/new\/wp-content\/uploads\/2023\/07\/APVS-Green-Gradient-768x439.png 768w\" sizes=\"auto, (max-width: 1440px) 100vw, 1440px\" \/><span aria-hidden=\"true\" class=\"wp-block-cover__background has-background-dim-0 has-background-dim\"><\/span><div class=\"wp-block-cover__inner-container is-layout-flow wp-block-cover-is-layout-flow\">\n<div style=\"height:80px\" aria-hidden=\"true\" class=\"wp-block-spacer\"><\/div>\n\n\n<div class=\"wp-block-image\">\n<figure class=\"aligncenter size-large is-resized\"><img loading=\"lazy\" decoding=\"async\" width=\"1024\" height=\"677\" src=\"https:\/\/actionpositive.ca\/new\/wp-content\/uploads\/2023\/10\/half-city-with-ribbon-e1697297881733-1024x677.png\" alt=\"\" class=\"wp-image-341\" style=\"aspect-ratio:1.5125553914327918;width:579px;height:auto\" srcset=\"https:\/\/actionpositive.ca\/new\/wp-content\/uploads\/2023\/10\/half-city-with-ribbon-e1697297881733-1024x677.png 1024w, https:\/\/actionpositive.ca\/new\/wp-content\/uploads\/2023\/10\/half-city-with-ribbon-e1697297881733-300x198.png 300w, https:\/\/actionpositive.ca\/new\/wp-content\/uploads\/2023\/10\/half-city-with-ribbon-e1697297881733-768x508.png 768w, https:\/\/actionpositive.ca\/new\/wp-content\/uploads\/2023\/10\/half-city-with-ribbon-e1697297881733-1536x1016.png 1536w, https:\/\/actionpositive.ca\/new\/wp-content\/uploads\/2023\/10\/half-city-with-ribbon-e1697297881733.png 1914w\" sizes=\"auto, (max-width: 1024px) 100vw, 1024px\" \/><\/figure>\n<\/div>\n\n\n<div class=\"wp-block-columns is-layout-flex wp-container-core-columns-is-layout-9d6595d7 wp-block-columns-is-layout-flex\">\n<div class=\"wp-block-column is-layout-flow wp-block-column-is-layout-flow\" style=\"flex-basis:25%\"><\/div>\n\n\n\n<div class=\"wp-block-column is-layout-flow wp-block-column-is-layout-flow\" style=\"flex-basis:50%\">\n<p class=\"has-text-align-center\">Action Positive est la seule organisation francophone exclusivement d\u00e9di\u00e9e \u00e0 la lutte contre le VIH et la r\u00e9duction des m\u00e9faits \u00e0 Toronto et dans le Centre-Sud-Ouest de l&rsquo;Ontario.<\/p>\n\n\n\n<p class=\"has-text-align-center\">Action positive fait la promotion de l\u2019ind\u00e9pendance, la dignit\u00e9, la sant\u00e9 et le bien-\u00eatre des personnes francophones et francophiles vivant avec le VIH, celles affect\u00e9es par ou ayant des risques accrus de le contracter.<\/p>\n<\/div>\n\n\n\n<div class=\"wp-block-column is-layout-flow wp-block-column-is-layout-flow\" style=\"flex-basis:25%\"><\/div>\n<\/div>\n\n\n\n<p class=\"has-text-align-center has-text-color has-link-color has-medium-font-size wp-elements-604c6ea3c282e608ec9691b330e1755f\" style=\"border-style:none;border-width:0px;color:#771919;font-style:normal;font-weight:700;text-transform:uppercase\"><strong>Faites un vrai geste de solidarit\u00e9 pour les f\u00eates de fin d\u2019ann\u00e9e !<\/strong><\/p>\n\n\n\n<div class=\"wp-block-group is-content-justification-center is-nowrap is-layout-flex wp-container-core-group-is-layout-94bc23d7 wp-block-group-is-layout-flex\">\n<div class=\"wp-block-columns is-layout-flex wp-container-core-columns-is-layout-9d6595d7 wp-block-columns-is-layout-flex\">\n<div class=\"wp-block-column is-layout-flow wp-block-column-is-layout-flow\" style=\"flex-basis:100%\">\n<div class=\"wp-block-group is-content-justification-center is-nowrap is-layout-flex wp-container-core-group-is-layout-94bc23d7 wp-block-group-is-layout-flex\">\n<figure class=\"wp-block-image size-full is-resized has-custom-border is-style-default\"><img loading=\"lazy\" decoding=\"async\" width=\"1536\" height=\"1024\" src=\"https:\/\/actionpositive.ca\/new\/wp-content\/uploads\/2025\/10\/Yellow-filter-removal-.png\" alt=\"\" class=\"wp-image-522\" style=\"border-style:none;border-width:0px;width:535px;height:auto\" srcset=\"https:\/\/actionpositive.ca\/new\/wp-content\/uploads\/2025\/10\/Yellow-filter-removal-.png 1536w, https:\/\/actionpositive.ca\/new\/wp-content\/uploads\/2025\/10\/Yellow-filter-removal--300x200.png 300w, https:\/\/actionpositive.ca\/new\/wp-content\/uploads\/2025\/10\/Yellow-filter-removal--1024x683.png 1024w, https:\/\/actionpositive.ca\/new\/wp-content\/uploads\/2025\/10\/Yellow-filter-removal--768x512.png 768w, https:\/\/actionpositive.ca\/new\/wp-content\/uploads\/2025\/10\/Yellow-filter-removal--930x620.png 930w\" sizes=\"auto, (max-width: 1536px) 100vw, 1536px\" \/><\/figure>\n<\/div>\n<\/div>\n<\/div>\n<\/div>\n\n\n\n<div class=\"wp-block-group\"><div class=\"wp-block-group__inner-container is-layout-constrained wp-block-group-is-layout-constrained\">\n<div class=\"wp-block-group is-nowrap is-layout-flex wp-container-core-group-is-layout-ad2f72ca wp-block-group-is-layout-flex\">\n<div style=\"position:relative;overflow:hidden;height:450px;width:100%;\"><iframe title='Donation form powered by Zeffy' style='position: absolute; border: 0; top:0;left:0;bottom:0;right:0;width:100%;height:100%' src='https:\/\/www.zeffy.com\/embed\/donation-form\/faites-un-vrai-geste-de-solidarite-avec-le-cheque-de-200dollar' allowpaymentrequest allowTransparency=\"true\"><\/iframe><\/div>\n<\/div>\n<\/div><\/div>\n<\/div><\/div>\n\n\n\n<div class=\"wp-block-columns is-layout-flex wp-container-core-columns-is-layout-9d6595d7 wp-block-columns-is-layout-flex\">\n<div class=\"wp-block-column is-layout-flow wp-block-column-is-layout-flow\"><div class=\"wp-block-image icon-style is-style-default\">\n<figure class=\"aligncenter size-full is-resized\"><img loading=\"lazy\" decoding=\"async\" width=\"603\" height=\"603\" src=\"https:\/\/actionpositive.ca\/new\/wp-content\/uploads\/2023\/10\/jasonj2000_vector_illustration_sticker_gay_support_group_meetin_c47474c0-6774-416f-bd08-d8eabcd450cc.png\" alt=\"\" class=\"wp-image-308\" style=\"width:140px\" srcset=\"https:\/\/actionpositive.ca\/new\/wp-content\/uploads\/2023\/10\/jasonj2000_vector_illustration_sticker_gay_support_group_meetin_c47474c0-6774-416f-bd08-d8eabcd450cc.png 603w, https:\/\/actionpositive.ca\/new\/wp-content\/uploads\/2023\/10\/jasonj2000_vector_illustration_sticker_gay_support_group_meetin_c47474c0-6774-416f-bd08-d8eabcd450cc-300x300.png 300w, https:\/\/actionpositive.ca\/new\/wp-content\/uploads\/2023\/10\/jasonj2000_vector_illustration_sticker_gay_support_group_meetin_c47474c0-6774-416f-bd08-d8eabcd450cc-150x150.png 150w\" sizes=\"auto, (max-width: 603px) 100vw, 603px\" \/><\/figure>\n<\/div>\n\n\n<h3 class=\"wp-block-heading has-text-align-center has-neve-text-color-color has-text-color\">\u00c0 propos<\/h3>\n\n\n\n<div class=\"wp-block-buttons is-content-justification-center is-layout-flex wp-container-core-buttons-is-layout-16018d1d wp-block-buttons-is-layout-flex\">\n<div class=\"wp-block-button\"><a class=\"wp-block-button__link has-text-align-center wp-element-button\" href=\"https:\/\/actionpositive.ca\/new\/index.php\/about\/\">INFO \u2192<\/a><\/div>\n<\/div>\n<\/div>\n\n\n\n<div class=\"wp-block-column is-layout-flow wp-block-column-is-layout-flow\"><div class=\"wp-block-image icon-style is-style-rounded\">\n<figure class=\"aligncenter size-full is-resized\"><img loading=\"lazy\" decoding=\"async\" width=\"1024\" height=\"1024\" src=\"https:\/\/actionpositive.ca\/new\/wp-content\/uploads\/2023\/10\/jasonj2000_vector_illustration_sticker_logo_five_middle-age_peo_4c5d4e00-1e4d-4181-81e2-2e15e88c6dc9.png\" alt=\"\" class=\"wp-image-317\" style=\"width:140px\" srcset=\"https:\/\/actionpositive.ca\/new\/wp-content\/uploads\/2023\/10\/jasonj2000_vector_illustration_sticker_logo_five_middle-age_peo_4c5d4e00-1e4d-4181-81e2-2e15e88c6dc9.png 1024w, https:\/\/actionpositive.ca\/new\/wp-content\/uploads\/2023\/10\/jasonj2000_vector_illustration_sticker_logo_five_middle-age_peo_4c5d4e00-1e4d-4181-81e2-2e15e88c6dc9-300x300.png 300w, https:\/\/actionpositive.ca\/new\/wp-content\/uploads\/2023\/10\/jasonj2000_vector_illustration_sticker_logo_five_middle-age_peo_4c5d4e00-1e4d-4181-81e2-2e15e88c6dc9-150x150.png 150w, https:\/\/actionpositive.ca\/new\/wp-content\/uploads\/2023\/10\/jasonj2000_vector_illustration_sticker_logo_five_middle-age_peo_4c5d4e00-1e4d-4181-81e2-2e15e88c6dc9-768x768.png 768w\" sizes=\"auto, (max-width: 1024px) 100vw, 1024px\" \/><\/figure>\n<\/div>\n\n\n<h3 class=\"wp-block-heading has-text-align-center has-neve-text-color-color has-text-color\">Informations<\/h3>\n\n\n\n<div class=\"wp-block-buttons is-content-justification-center is-layout-flex wp-container-core-buttons-is-layout-16018d1d wp-block-buttons-is-layout-flex\">\n<div class=\"wp-block-button\"><a class=\"wp-block-button__link wp-element-button\" href=\"https:\/\/actionpositive.ca\/new\/index.php\/informations\/\">INFO \u2192<\/a><\/div>\n<\/div>\n<\/div>\n<\/div>\n\n\n\n<div class=\"wp-block-columns is-layout-flex wp-container-core-columns-is-layout-9d6595d7 wp-block-columns-is-layout-flex\">\n<div class=\"wp-block-column is-layout-flow wp-block-column-is-layout-flow\"><div class=\"wp-block-image icon-style is-style-default\">\n<figure class=\"aligncenter size-full is-resized\"><img loading=\"lazy\" decoding=\"async\" width=\"1024\" height=\"1024\" src=\"https:\/\/actionpositive.ca\/new\/wp-content\/uploads\/2023\/10\/jasonj2000_vector_illustration_sticker_clipart_people_united_in_636961c3-8367-4f3e-9445-ebe17acfcb7a.png\" alt=\"\" class=\"wp-image-295\" style=\"aspect-ratio:1;object-fit:cover;width:140px\" srcset=\"https:\/\/actionpositive.ca\/new\/wp-content\/uploads\/2023\/10\/jasonj2000_vector_illustration_sticker_clipart_people_united_in_636961c3-8367-4f3e-9445-ebe17acfcb7a.png 1024w, https:\/\/actionpositive.ca\/new\/wp-content\/uploads\/2023\/10\/jasonj2000_vector_illustration_sticker_clipart_people_united_in_636961c3-8367-4f3e-9445-ebe17acfcb7a-300x300.png 300w, https:\/\/actionpositive.ca\/new\/wp-content\/uploads\/2023\/10\/jasonj2000_vector_illustration_sticker_clipart_people_united_in_636961c3-8367-4f3e-9445-ebe17acfcb7a-150x150.png 150w, https:\/\/actionpositive.ca\/new\/wp-content\/uploads\/2023\/10\/jasonj2000_vector_illustration_sticker_clipart_people_united_in_636961c3-8367-4f3e-9445-ebe17acfcb7a-768x768.png 768w\" sizes=\"auto, (max-width: 1024px) 100vw, 1024px\" \/><\/figure>\n<\/div>\n\n\n<h3 class=\"wp-block-heading has-text-align-center has-neve-text-color-color has-text-color\">Programmes de lutte contre le VIH<\/h3>\n\n\n\n<div class=\"wp-block-buttons is-content-justification-center is-layout-flex wp-container-core-buttons-is-layout-16018d1d wp-block-buttons-is-layout-flex\">\n<div class=\"wp-block-button\"><a class=\"wp-block-button__link wp-element-button\">GROUPES \u2192<\/a><\/div>\n<\/div>\n\n\n\n<div class=\"wp-block-buttons is-content-justification-center is-layout-flex wp-container-core-buttons-is-layout-16018d1d wp-block-buttons-is-layout-flex\">\n<div class=\"wp-block-button\"><a class=\"wp-block-button__link wp-element-button\">CONSULTATIONS \u2192<\/a><\/div>\n<\/div>\n\n\n\n<div class=\"wp-block-buttons is-content-justification-center is-layout-flex wp-container-core-buttons-is-layout-16018d1d wp-block-buttons-is-layout-flex\">\n<div class=\"wp-block-button\"><a class=\"wp-block-button__link wp-element-button\">GETAKIT \u2192<\/a><\/div>\n<\/div>\n<\/div>\n\n\n\n<div class=\"wp-block-column is-layout-flow wp-block-column-is-layout-flow\"><div class=\"wp-block-image icon-style is-style-default\">\n<figure class=\"aligncenter size-full is-resized\"><img loading=\"lazy\" decoding=\"async\" width=\"1024\" height=\"1024\" src=\"https:\/\/actionpositive.ca\/new\/wp-content\/uploads\/2023\/10\/jasonj2000_vector_illustration_sticker_clipart_illegal_drugs_il_8581a4f2-37df-4b28-9ff1-9a7d69750af0.png\" alt=\"\" class=\"wp-image-290\" style=\"aspect-ratio:1;width:140px\" srcset=\"https:\/\/actionpositive.ca\/new\/wp-content\/uploads\/2023\/10\/jasonj2000_vector_illustration_sticker_clipart_illegal_drugs_il_8581a4f2-37df-4b28-9ff1-9a7d69750af0.png 1024w, https:\/\/actionpositive.ca\/new\/wp-content\/uploads\/2023\/10\/jasonj2000_vector_illustration_sticker_clipart_illegal_drugs_il_8581a4f2-37df-4b28-9ff1-9a7d69750af0-300x300.png 300w, https:\/\/actionpositive.ca\/new\/wp-content\/uploads\/2023\/10\/jasonj2000_vector_illustration_sticker_clipart_illegal_drugs_il_8581a4f2-37df-4b28-9ff1-9a7d69750af0-150x150.png 150w, https:\/\/actionpositive.ca\/new\/wp-content\/uploads\/2023\/10\/jasonj2000_vector_illustration_sticker_clipart_illegal_drugs_il_8581a4f2-37df-4b28-9ff1-9a7d69750af0-768x768.png 768w\" sizes=\"auto, (max-width: 1024px) 100vw, 1024px\" \/><\/figure>\n<\/div>\n\n\n<h3 class=\"wp-block-heading has-text-align-center has-neve-text-color-color has-text-color\">Programmes de r\u00e9duction des m\u00e9faits<\/h3>\n\n\n\n<div class=\"wp-block-buttons is-content-justification-center is-layout-flex wp-container-core-buttons-is-layout-16018d1d wp-block-buttons-is-layout-flex\">\n<div class=\"wp-block-button\"><a class=\"wp-block-button__link wp-element-button\">ACTIVIT\u00c9S DE GROUP \u2192<\/a><\/div>\n<\/div>\n\n\n\n<div class=\"wp-block-buttons is-content-justification-center is-layout-flex wp-container-core-buttons-is-layout-16018d1d wp-block-buttons-is-layout-flex\">\n<div class=\"wp-block-button\"><a class=\"wp-block-button__link wp-element-button\">CONSULTATIONS \u2192<\/a><\/div>\n<\/div>\n<\/div>\n<\/div>\n\n\n\n<div class=\"wp-block-cover alignfull is-light\" style=\"min-height:464px;aspect-ratio:unset;\"><img loading=\"lazy\" decoding=\"async\" width=\"1440\" height=\"824\" class=\"wp-block-cover__image-background wp-image-54\" alt=\"\" src=\"https:\/\/actionpositive.ca\/new\/wp-content\/uploads\/2023\/07\/APVS-Pink-Gradient.png.png\" data-object-fit=\"cover\" srcset=\"https:\/\/actionpositive.ca\/new\/wp-content\/uploads\/2023\/07\/APVS-Pink-Gradient.png.png 1440w, https:\/\/actionpositive.ca\/new\/wp-content\/uploads\/2023\/07\/APVS-Pink-Gradient.png-300x172.png 300w, https:\/\/actionpositive.ca\/new\/wp-content\/uploads\/2023\/07\/APVS-Pink-Gradient.png-1024x586.png 1024w, https:\/\/actionpositive.ca\/new\/wp-content\/uploads\/2023\/07\/APVS-Pink-Gradient.png-768x439.png 768w\" sizes=\"auto, (max-width: 1440px) 100vw, 1440px\" \/><span aria-hidden=\"true\" class=\"wp-block-cover__background has-nv-site-bg-background-color has-background-dim\"><\/span><div class=\"wp-block-cover__inner-container is-layout-flow wp-block-cover-is-layout-flow\"><div class=\"wp-block-image is-style-rounded\">\n<figure class=\"aligncenter size-full is-resized\"><img loading=\"lazy\" decoding=\"async\" width=\"1024\" height=\"1024\" src=\"https:\/\/actionpositive.ca\/new\/wp-content\/uploads\/2023\/10\/jasonj2000_vector_illustration_sticker_logoone_hand_reaching_ou_4e06a91e-60bc-43dd-a9f6-729e8049ecbc.png\" alt=\"\" class=\"wp-image-324\" style=\"aspect-ratio:1;width:153px;height:auto\" srcset=\"https:\/\/actionpositive.ca\/new\/wp-content\/uploads\/2023\/10\/jasonj2000_vector_illustration_sticker_logoone_hand_reaching_ou_4e06a91e-60bc-43dd-a9f6-729e8049ecbc.png 1024w, https:\/\/actionpositive.ca\/new\/wp-content\/uploads\/2023\/10\/jasonj2000_vector_illustration_sticker_logoone_hand_reaching_ou_4e06a91e-60bc-43dd-a9f6-729e8049ecbc-300x300.png 300w, https:\/\/actionpositive.ca\/new\/wp-content\/uploads\/2023\/10\/jasonj2000_vector_illustration_sticker_logoone_hand_reaching_ou_4e06a91e-60bc-43dd-a9f6-729e8049ecbc-150x150.png 150w, https:\/\/actionpositive.ca\/new\/wp-content\/uploads\/2023\/10\/jasonj2000_vector_illustration_sticker_logoone_hand_reaching_ou_4e06a91e-60bc-43dd-a9f6-729e8049ecbc-768x768.png 768w\" sizes=\"auto, (max-width: 1024px) 100vw, 1024px\" \/><\/figure>\n<\/div>\n\n\n<h3 class=\"wp-block-heading has-text-align-center\">Aidez-nous<\/h3>\n\n\n\n<p class=\"has-text-align-center\">Faire un don ou devenez b\u00e9n\u00e9vole<\/p>\n\n\n\n<div class=\"wp-block-buttons is-content-justification-center is-layout-flex wp-container-core-buttons-is-layout-16018d1d wp-block-buttons-is-layout-flex\">\n<div class=\"wp-block-button\"><a class=\"wp-block-button__link wp-element-button\" href=\"https:\/\/actionpositive.ca\/new\/index.php\/aidez-nous\/\">DEVENEZ B\u00c9N\u00c9VOLE<\/a><\/div>\n\n\n\n<div class=\"wp-block-button\"><a class=\"wp-block-button__link wp-element-button\" href=\"https:\/\/www.zeffy.com\/fr-CA\/donation-form\/faites-un-vrai-geste-de-solidarite-avec-le-cheque-de-200dollar\">DONNEZ<\/a><\/div>\n<\/div>\n<\/div><\/div>\n","protected":false},"excerpt":{"rendered":"<p>\u00c0 propos Informations Programmes de lutte contre le VIH Programmes de r\u00e9duction des m\u00e9faits<\/p>\n","protected":false},"author":1,"featured_media":0,"parent":0,"menu_order":0,"comment_status":"closed","ping_status":"closed","template":"","meta":{"neve_meta_sidebar":"","neve_meta_container":"","neve_meta_enable_content_width":"on","neve_meta_content_width":100,"neve_meta_title_alignment":"","neve_meta_author_avatar":"","neve_post_elements_order":"","neve_meta_disable_header":"","neve_meta_disable_footer":"","neve_meta_disable_title":"on","neve_meta_reading_time":"","footnotes":""},"class_list":["post-23","page","type-page","status-publish","hentry"],"jetpack_sharing_enabled":true,"_links":{"self":[{"href":"https:\/\/actionpositive.ca\/new\/index.php\/wp-json\/wp\/v2\/pages\/23","targetHints":{"allow":["GET"]}}],"collection":[{"href":"https:\/\/actionpositive.ca\/new\/index.php\/wp-json\/wp\/v2\/pages"}],"about":[{"href":"https:\/\/actionpositive.ca\/new\/index.php\/wp-json\/wp\/v2\/types\/page"}],"author":[{"embeddable":true,"href":"https:\/\/actionpositive.ca\/new\/index.php\/wp-json\/wp\/v2\/users\/1"}],"replies":[{"embeddable":true,"href":"https:\/\/actionpositive.ca\/new\/index.php\/wp-json\/wp\/v2\/comments?post=23"}],"version-history":[{"count":30,"href":"https:\/\/actionpositive.ca\/new\/index.php\/wp-json\/wp\/v2\/pages\/23\/revisions"}],"predecessor-version":[{"id":530,"href":"https:\/\/actionpositive.ca\/new\/index.php\/wp-json\/wp\/v2\/pages\/23\/revisions\/530"}],"wp:attachment":[{"href":"https:\/\/actionpositive.ca\/new\/index.php\/wp-json\/wp\/v2\/media?parent=23"}],"curies":[{"name":"wp","href":"https:\/\/api.w.org\/{rel}","templated":true}]}}