{"id":24,"date":"2023-07-21T14:49:59","date_gmt":"2023-07-21T14:49:59","guid":{"rendered":"https:\/\/actionpositive.ca\/new\/?page_id=24"},"modified":"2026-03-13T14:53:45","modified_gmt":"2026-03-13T14:53:45","slug":"about","status":"publish","type":"page","link":"https:\/\/actionpositive.ca\/new\/index.php\/about\/","title":{"rendered":"\u00c0 propos"},"content":{"rendered":"\n<div class=\"wp-block-cover alignfull is-light\" style=\"min-height:455px;aspect-ratio:unset;\"><img loading=\"lazy\" decoding=\"async\" width=\"1440\" height=\"824\" class=\"wp-block-cover__image-background wp-image-53\" alt=\"\" src=\"https:\/\/actionpositive.ca\/new\/wp-content\/uploads\/2023\/07\/APVS-Green-Gradient.png\" data-object-fit=\"cover\" srcset=\"https:\/\/actionpositive.ca\/new\/wp-content\/uploads\/2023\/07\/APVS-Green-Gradient.png 1440w, https:\/\/actionpositive.ca\/new\/wp-content\/uploads\/2023\/07\/APVS-Green-Gradient-300x172.png 300w, https:\/\/actionpositive.ca\/new\/wp-content\/uploads\/2023\/07\/APVS-Green-Gradient-1024x586.png 1024w, https:\/\/actionpositive.ca\/new\/wp-content\/uploads\/2023\/07\/APVS-Green-Gradient-768x439.png 768w\" sizes=\"auto, (max-width: 1440px) 100vw, 1440px\" \/><span aria-hidden=\"true\" class=\"wp-block-cover__background has-nv-site-bg-background-color has-background-dim\"><\/span><div class=\"wp-block-cover__inner-container is-layout-flow wp-block-cover-is-layout-flow\">\n<div style=\"height:30px\" aria-hidden=\"true\" class=\"wp-block-spacer\"><\/div>\n\n\n<div class=\"wp-block-image\">\n<figure class=\"aligncenter size-full is-resized\"><img loading=\"lazy\" decoding=\"async\" width=\"603\" height=\"603\" src=\"https:\/\/actionpositive.ca\/new\/wp-content\/uploads\/2023\/10\/jasonj2000_vector_illustration_sticker_gay_support_group_meetin_c47474c0-6774-416f-bd08-d8eabcd450cc.png\" alt=\"\" class=\"wp-image-308\" style=\"aspect-ratio:1;object-fit:cover;width:220px;height:auto\" srcset=\"https:\/\/actionpositive.ca\/new\/wp-content\/uploads\/2023\/10\/jasonj2000_vector_illustration_sticker_gay_support_group_meetin_c47474c0-6774-416f-bd08-d8eabcd450cc.png 603w, https:\/\/actionpositive.ca\/new\/wp-content\/uploads\/2023\/10\/jasonj2000_vector_illustration_sticker_gay_support_group_meetin_c47474c0-6774-416f-bd08-d8eabcd450cc-300x300.png 300w, https:\/\/actionpositive.ca\/new\/wp-content\/uploads\/2023\/10\/jasonj2000_vector_illustration_sticker_gay_support_group_meetin_c47474c0-6774-416f-bd08-d8eabcd450cc-150x150.png 150w\" sizes=\"auto, (max-width: 603px) 100vw, 603px\" \/><\/figure>\n<\/div>\n\n\n<h1 class=\"wp-block-heading has-text-align-center has-nv-dark-bg-color has-text-color\">\u00c0  propos<\/h1>\n\n\n\n<div class=\"wp-block-columns is-layout-flex wp-container-core-columns-is-layout-9d6595d7 wp-block-columns-is-layout-flex\">\n<div class=\"wp-block-column is-layout-flow wp-block-column-is-layout-flow\" style=\"flex-basis:25%\"><\/div>\n\n\n\n<div class=\"wp-block-column is-layout-flow wp-block-column-is-layout-flow\" style=\"flex-basis:50%\">\n<p class=\"has-text-align-center\">Action Positive est un organisme francophone \u00e0 but non-lucratif \u0153uvrant dans la grande r\u00e9gion de Toronto. Action Positive offre des services de pr\u00e9vention, d\u2019\u00e9ducation et de soutien et vise \u00e0 r\u00e9pondre aux besoins psycho-sociaux des personnes de toute origine qui vivent avec le VIH, en sont affect\u00e9es ou sont \u00e0 risque de le contracter.<\/p>\n<\/div>\n\n\n\n<div class=\"wp-block-column is-layout-flow wp-block-column-is-layout-flow\" style=\"flex-basis:25%\"><\/div>\n<\/div>\n\n\n\n<div class=\"wp-block-buttons is-content-justification-center is-layout-flex wp-container-core-buttons-is-layout-16018d1d wp-block-buttons-is-layout-flex\">\n<div class=\"wp-block-button\"><a class=\"wp-block-button__link wp-element-button\" href=\"#equipe\">\u00c9QUIPE<\/a><\/div>\n\n\n\n<div class=\"wp-block-button\"><a class=\"wp-block-button__link wp-element-button\" href=\"#conseil\">CONSEIL D&rsquo;ADMINISTRATION<\/a><\/div>\n\n\n\n<div class=\"wp-block-button\"><a class=\"wp-block-button__link has-text-align-center wp-element-button\" href=\"#bailleurs\">BAILLEURS DE FONDS<\/a><\/div>\n<\/div>\n\n\n\n<div style=\"height:63px\" aria-hidden=\"true\" class=\"wp-block-spacer\"><\/div>\n<\/div><\/div>\n\n\n\n<div class=\"wp-block-cover alignfull\" style=\"min-height:699px;aspect-ratio:unset;\" id=\"equipe\"><span aria-hidden=\"true\" class=\"wp-block-cover__background has-nv-light-bg-background-color has-background-dim-100 has-background-dim\"><\/span><div class=\"wp-block-cover__inner-container is-layout-flow wp-block-cover-is-layout-flow\">\n<div class=\"wp-block-group\"><div class=\"wp-block-group__inner-container is-layout-flow wp-block-group-is-layout-flow\"><div class=\"wp-block-image\">\n<figure class=\"aligncenter size-full is-resized\"><img loading=\"lazy\" decoding=\"async\" width=\"96\" height=\"96\" src=\"https:\/\/actionpositive.ca\/new\/wp-content\/uploads\/2023\/09\/mdi_account-group.png\" alt=\"\" class=\"wp-image-101\" style=\"object-fit:cover;width:115px;height:115px\"\/><\/figure>\n<\/div>\n\n\n<h1 class=\"wp-block-heading has-text-align-center has-neve-text-color-color has-text-color\">\u00c9quipe<\/h1>\n\n\n\n<div class=\"wp-block-columns is-layout-flex wp-container-core-columns-is-layout-9d6595d7 wp-block-columns-is-layout-flex\">\n<div class=\"wp-block-column is-layout-flow wp-block-column-is-layout-flow\"><div class=\"wp-block-image is-style-rounded\">\n<figure class=\"aligncenter size-full is-resized\"><img loading=\"lazy\" decoding=\"async\" width=\"1512\" height=\"1512\" src=\"https:\/\/actionpositive.ca\/new\/wp-content\/uploads\/2024\/01\/Aurelie-1.jpeg\" alt=\"\" class=\"wp-image-364\" style=\"width:73px\" srcset=\"https:\/\/actionpositive.ca\/new\/wp-content\/uploads\/2024\/01\/Aurelie-1.jpeg 1512w, https:\/\/actionpositive.ca\/new\/wp-content\/uploads\/2024\/01\/Aurelie-1-300x300.jpeg 300w, https:\/\/actionpositive.ca\/new\/wp-content\/uploads\/2024\/01\/Aurelie-1-1024x1024.jpeg 1024w, https:\/\/actionpositive.ca\/new\/wp-content\/uploads\/2024\/01\/Aurelie-1-150x150.jpeg 150w, https:\/\/actionpositive.ca\/new\/wp-content\/uploads\/2024\/01\/Aurelie-1-768x768.jpeg 768w\" sizes=\"auto, (max-width: 1512px) 100vw, 1512px\" \/><\/figure>\n<\/div>\n\n\n<h3 class=\"wp-block-heading has-text-align-center has-neve-text-color-color has-text-color\">Aur\u00e9lie M.T.<\/h3>\n\n\n\n<p class=\"has-text-align-center has-nv-dark-bg-color has-text-color\"><strong>Navigatrice<\/strong><br><a href=\"mailto:navigatrice@actionpositive.ca\">navigatrice@actionpositive.ca<\/a> <\/p>\n\n\n\n<p class=\"has-text-align-center has-nv-dark-bg-color has-text-color\">437-848-2682<\/p>\n\n\n\n<div style=\"height:40px\" aria-hidden=\"true\" class=\"wp-block-spacer\"><\/div>\n<\/div>\n\n\n\n<div class=\"wp-block-column is-layout-flow wp-block-column-is-layout-flow\"><div class=\"wp-block-image is-style-rounded\">\n<figure class=\"aligncenter size-full is-resized\"><img loading=\"lazy\" decoding=\"async\" width=\"96\" height=\"96\" src=\"https:\/\/actionpositive.ca\/new\/wp-content\/uploads\/2023\/09\/mdi_account-tie.png\" alt=\"\" class=\"wp-image-103\" style=\"width:71px;height:auto\"\/><\/figure>\n<\/div>\n\n\n<h3 class=\"wp-block-heading has-text-align-center has-neve-text-color-color has-text-color\">Khaled D.<\/h3>\n\n\n\n<p class=\"has-text-align-center has-nv-dark-bg-color has-text-color\"><strong>Coordonnateur aux programmes et interventions dans la lutte contre le VIH<\/strong><br><a href=\"mailto:cpi@actionpositive.ca\">cpi@actionpositive.ca<\/a><\/p>\n\n\n\n<p class=\"has-text-align-center has-nv-dark-bg-color has-text-color\">647-512-0261<\/p>\n<\/div>\n\n\n\n<div class=\"wp-block-column is-layout-flow wp-block-column-is-layout-flow\"><div class=\"wp-block-image is-style-rounded\">\n<figure class=\"aligncenter size-full is-resized\"><img loading=\"lazy\" decoding=\"async\" width=\"96\" height=\"96\" src=\"https:\/\/actionpositive.ca\/new\/wp-content\/uploads\/2023\/07\/mdi_briefcase-plus.png\" alt=\"\" class=\"wp-image-62\" style=\"object-fit:cover;width:69px;height:auto\"\/><\/figure>\n<\/div>\n\n\n<h3 class=\"wp-block-heading has-text-align-center has-neve-text-color-color has-text-color\">Poste Vacant<\/h3>\n\n\n\n<p class=\"has-text-align-center has-nv-dark-bg-color has-text-color\"><strong>Coordonnateur \u00e0 la r\u00e9duction des m\u00e9faits<\/strong><br><a href=\"mailto:crm@actionpositive.ca\">crm@actionpositive.ca<\/a> <\/p>\n\n\n\n<p class=\"has-text-align-center has-nv-dark-bg-color has-text-color\">647-567-0140<\/p>\n\n\n\n<div style=\"height:40px\" aria-hidden=\"true\" class=\"wp-block-spacer\"><\/div>\n<\/div>\n\n\n\n<div class=\"wp-block-column is-layout-flow wp-block-column-is-layout-flow\"><div class=\"wp-block-image is-style-rounded\">\n<figure class=\"aligncenter size-full is-resized\"><img loading=\"lazy\" decoding=\"async\" width=\"96\" height=\"96\" src=\"https:\/\/actionpositive.ca\/new\/wp-content\/uploads\/2025\/08\/mdi_account-tie-edited.png\" alt=\"\" class=\"wp-image-420\" style=\"object-fit:cover;width:73px;height:73px\"\/><\/figure>\n<\/div>\n\n\n<h3 class=\"wp-block-heading has-text-align-center has-neve-text-color-color has-text-color\">Benjamin S.<\/h3>\n\n\n\n<p class=\"has-text-align-center has-nv-dark-bg-color has-text-color\"><strong>Directeur G\u00e9n\u00e9ral<\/strong><br><a href=\"mailto:dgapvs@actionpositive.ca\">dgapvs@actionpositive.ca<\/a><\/p>\n\n\n\n<p class=\"has-text-align-center has-nv-dark-bg-color has-text-color\">437-848-9662<\/p>\n\n\n\n<div style=\"height:40px\" aria-hidden=\"true\" class=\"wp-block-spacer\"><\/div>\n<\/div>\n<\/div>\n<\/div><\/div>\n<\/div><\/div>\n\n\n<div class=\"wp-block-image\">\n<figure class=\"aligncenter size-full is-resized\"><img loading=\"lazy\" decoding=\"async\" width=\"96\" height=\"96\" src=\"https:\/\/actionpositive.ca\/new\/wp-content\/uploads\/2023\/09\/mdi_account-group.png\" alt=\"\" class=\"wp-image-101\" style=\"object-fit:cover;width:115px;height:115px\"\/><\/figure>\n<\/div>\n\n\n<h1 class=\"wp-block-heading has-text-align-center\" id=\"conseil\">Conseil d&rsquo;administration<\/h1>\n\n\n\n<div class=\"wp-block-columns is-layout-flex wp-container-core-columns-is-layout-9d6595d7 wp-block-columns-is-layout-flex\">\n<div class=\"wp-block-column is-layout-flow wp-block-column-is-layout-flow\" style=\"flex-basis:25%\"><div class=\"wp-block-image is-style-rounded\">\n<figure class=\"aligncenter size-full is-resized\"><img loading=\"lazy\" decoding=\"async\" width=\"96\" height=\"96\" src=\"https:\/\/actionpositive.ca\/new\/wp-content\/uploads\/2025\/08\/mdi_account-tie-edited.png\" alt=\"\" class=\"wp-image-420\" style=\"aspect-ratio:1;object-fit:cover;width:73px\"\/><\/figure>\n<\/div>\n\n\n<h3 class=\"wp-block-heading has-text-align-center\">Poste Vacant<\/h3>\n\n\n\n<p class=\"has-text-align-center\">Pr\u00e9sident<br><a href=\"mailto:presidence@actionpositive.ca\">presidence@actionpositive.ca<\/a><\/p>\n<\/div>\n\n\n\n<div class=\"wp-block-column is-layout-flow wp-block-column-is-layout-flow\"><div class=\"wp-block-image is-style-rounded\">\n<figure class=\"aligncenter size-full is-resized\"><img loading=\"lazy\" decoding=\"async\" width=\"96\" height=\"96\" src=\"https:\/\/actionpositive.ca\/new\/wp-content\/uploads\/2025\/08\/mdi_account-tie-edited.png\" alt=\"\" class=\"wp-image-420\" style=\"aspect-ratio:1;width:73px\"\/><\/figure>\n<\/div>\n\n\n<h3 class=\"wp-block-heading has-text-align-center\">Zaahirah Atchia<\/h3>\n\n\n\n<p class=\"has-text-align-center\">Vice-pr\u00e9sident<\/p>\n<\/div>\n\n\n\n<div class=\"wp-block-column is-layout-flow wp-block-column-is-layout-flow\"><div class=\"wp-block-image is-style-rounded\">\n<figure class=\"aligncenter size-full is-resized\"><img loading=\"lazy\" decoding=\"async\" width=\"211\" height=\"210\" src=\"https:\/\/actionpositive.ca\/new\/wp-content\/uploads\/2023\/10\/image002-e1698250227533.jpg\" alt=\"\" class=\"wp-image-346\" style=\"aspect-ratio:1.0047619047619047;object-fit:cover;width:73px\" srcset=\"https:\/\/actionpositive.ca\/new\/wp-content\/uploads\/2023\/10\/image002-e1698250227533.jpg 211w, https:\/\/actionpositive.ca\/new\/wp-content\/uploads\/2023\/10\/image002-e1698250227533-150x150.jpg 150w\" sizes=\"auto, (max-width: 211px) 100vw, 211px\" \/><\/figure>\n<\/div>\n\n\n<h3 class=\"wp-block-heading has-text-align-center\">Jean-Rock Boutin<\/h3>\n\n\n\n<p class=\"has-text-align-center\">Tr\u00e9sorier<\/p>\n<\/div>\n\n\n\n<div class=\"wp-block-column is-layout-flow wp-block-column-is-layout-flow\" style=\"flex-basis:25%\"><div class=\"wp-block-image is-style-rounded\">\n<figure class=\"aligncenter size-full is-resized\"><img loading=\"lazy\" decoding=\"async\" width=\"96\" height=\"96\" src=\"https:\/\/actionpositive.ca\/new\/wp-content\/uploads\/2025\/08\/mdi_account-tie-edited.png\" alt=\"\" class=\"wp-image-420\" style=\"width:73px\"\/><\/figure>\n<\/div>\n\n\n<h3 class=\"wp-block-heading has-text-align-center\">Alexandra Djimbi<\/h3>\n\n\n\n<p class=\"has-text-align-center\">Secr\u00e9taire<\/p>\n<\/div>\n<\/div>\n\n\n\n<div class=\"wp-block-columns is-layout-flex wp-container-core-columns-is-layout-9d6595d7 wp-block-columns-is-layout-flex\">\n<div class=\"wp-block-column is-layout-flow wp-block-column-is-layout-flow\">\n<hr class=\"wp-block-separator has-alpha-channel-opacity\"\/>\n<\/div>\n<\/div>\n\n\n\n<div class=\"wp-block-columns are-vertically-aligned-center is-layout-flex wp-container-core-columns-is-layout-9d6595d7 wp-block-columns-is-layout-flex\">\n<div class=\"wp-block-column is-vertically-aligned-center is-layout-flow wp-block-column-is-layout-flow\" style=\"flex-basis:19.93%\"><div class=\"wp-block-image is-style-rounded\">\n<figure class=\"aligncenter size-full is-resized\"><img loading=\"lazy\" decoding=\"async\" width=\"96\" height=\"96\" src=\"https:\/\/actionpositive.ca\/new\/wp-content\/uploads\/2025\/08\/mdi_account-tie-edited.png\" alt=\"\" class=\"wp-image-420\" style=\"object-fit:cover;width:73px;height:73px\"\/><\/figure>\n<\/div>\n\n\n<h3 class=\"wp-block-heading has-text-align-center\">Arnaud Baudry<\/h3>\n\n\n\n<p class=\"has-text-align-center\">Administrateur<\/p>\n<\/div>\n\n\n\n<div class=\"wp-block-column is-vertically-aligned-center is-layout-flow wp-block-column-is-layout-flow\" style=\"flex-basis:20.13%\"><div class=\"wp-block-image is-style-rounded\">\n<figure class=\"aligncenter size-full is-resized\"><img loading=\"lazy\" decoding=\"async\" width=\"192\" height=\"206\" src=\"https:\/\/actionpositive.ca\/new\/wp-content\/uploads\/2024\/10\/Gilles-Huot.png\" alt=\"\" class=\"wp-image-380\" style=\"width:73px\"\/><\/figure>\n<\/div>\n\n\n<h3 class=\"wp-block-heading has-text-align-center\">Gilles Huot<\/h3>\n\n\n\n<p class=\"has-text-align-center\">Administrateur<\/p>\n<\/div>\n\n\n\n<div class=\"wp-block-column is-vertically-aligned-center is-layout-flow wp-block-column-is-layout-flow\" style=\"flex-basis:20%\"><div class=\"wp-block-image\">\n<figure class=\"aligncenter size-full is-resized\"><img loading=\"lazy\" decoding=\"async\" width=\"96\" height=\"96\" src=\"https:\/\/actionpositive.ca\/new\/wp-content\/uploads\/2025\/08\/mdi_account-tie-edited.png\" alt=\"\" class=\"wp-image-420\" style=\"width:73px\"\/><\/figure>\n<\/div>\n\n\n<h3 class=\"wp-block-heading has-text-align-center\">Mathieu Torres<\/h3>\n\n\n\n<p class=\"has-text-align-center\">Administrateur<\/p>\n<\/div>\n<\/div>\n\n\n\n<div class=\"wp-block-columns are-vertically-aligned-center is-layout-flex wp-container-core-columns-is-layout-9d6595d7 wp-block-columns-is-layout-flex\">\n<div class=\"wp-block-column is-vertically-aligned-center is-layout-flow wp-block-column-is-layout-flow\" style=\"flex-basis:19.93%\">\n\n\n<h3 class=\"wp-block-heading has-text-align-center\"><\/h3>\n\n\n\n<p class=\"has-text-align-center\"><\/p>\n<\/div>\n\n\n\n<div class=\"wp-block-column is-vertically-aligned-center is-layout-flow wp-block-column-is-layout-flow\" style=\"flex-basis:20%\"><div class=\"wp-block-image\">\n<figure class=\"aligncenter size-full is-resized\"><img loading=\"lazy\" decoding=\"async\" width=\"96\" height=\"96\" src=\"https:\/\/actionpositive.ca\/new\/wp-content\/uploads\/2023\/07\/mdi_briefcase-plus.png\" alt=\"\" class=\"wp-image-62\" style=\"width:73px\"\/><\/figure>\n<\/div>\n\n\n<h3 class=\"wp-block-heading has-text-align-center\">Poste Vacant<\/h3>\n\n\n\n<p class=\"has-text-align-center\">Administrateur<\/p>\n<\/div>\n<\/div>\n\n\n\n<hr class=\"wp-block-separator has-alpha-channel-opacity\"\/>\n\n\n<div class=\"wp-block-image\">\n<figure class=\"aligncenter size-full is-resized\"><img loading=\"lazy\" decoding=\"async\" width=\"96\" height=\"96\" src=\"https:\/\/actionpositive.ca\/new\/wp-content\/uploads\/2023\/10\/mdi_handshake.png\" alt=\"\" class=\"wp-image-161\" style=\"object-fit:cover;width:115px;height:115px\"\/><\/figure>\n<\/div>\n\n\n<h1 class=\"wp-block-heading has-text-align-center\">Bailleurs de fonds<\/h1>\n\n\n\n<p><\/p>\n","protected":false},"excerpt":{"rendered":"<p>Conseil d&rsquo;administration Poste Vacant Pr\u00e9sidentpresidence@actionpositive.ca Zaahirah Atchia Vice-pr\u00e9sident Jean-Rock Boutin Tr\u00e9sorier Alexandra Djimbi Secr\u00e9taire Arnaud Baudry Administrateur Gilles Huot Administrateur Mathieu Torres Administrateur Poste Vacant Administrateur Bailleurs de fonds<\/p>\n","protected":false},"author":1,"featured_media":0,"parent":0,"menu_order":0,"comment_status":"closed","ping_status":"closed","template":"","meta":{"neve_meta_sidebar":"full-width","neve_meta_container":"","neve_meta_enable_content_width":"on","neve_meta_content_width":100,"neve_meta_title_alignment":"center","neve_meta_author_avatar":"","neve_post_elements_order":"","neve_meta_disable_header":"","neve_meta_disable_footer":"","neve_meta_disable_title":"on","neve_meta_reading_time":"","footnotes":""},"class_list":["post-24","page","type-page","status-publish","hentry"],"jetpack_sharing_enabled":true,"_links":{"self":[{"href":"https:\/\/actionpositive.ca\/new\/index.php\/wp-json\/wp\/v2\/pages\/24","targetHints":{"allow":["GET"]}}],"collection":[{"href":"https:\/\/actionpositive.ca\/new\/index.php\/wp-json\/wp\/v2\/pages"}],"about":[{"href":"https:\/\/actionpositive.ca\/new\/index.php\/wp-json\/wp\/v2\/types\/page"}],"author":[{"embeddable":true,"href":"https:\/\/actionpositive.ca\/new\/index.php\/wp-json\/wp\/v2\/users\/1"}],"replies":[{"embeddable":true,"href":"https:\/\/actionpositive.ca\/new\/index.php\/wp-json\/wp\/v2\/comments?post=24"}],"version-history":[{"count":41,"href":"https:\/\/actionpositive.ca\/new\/index.php\/wp-json\/wp\/v2\/pages\/24\/revisions"}],"predecessor-version":[{"id":538,"href":"https:\/\/actionpositive.ca\/new\/index.php\/wp-json\/wp\/v2\/pages\/24\/revisions\/538"}],"wp:attachment":[{"href":"https:\/\/actionpositive.ca\/new\/index.php\/wp-json\/wp\/v2\/media?parent=24"}],"curies":[{"name":"wp","href":"https:\/\/api.w.org\/{rel}","templated":true}]}}