{"id":422,"date":"2025-08-05T22:06:22","date_gmt":"2025-08-05T22:06:22","guid":{"rendered":"https:\/\/actionpositive.ca\/new\/?page_id=422"},"modified":"2025-10-08T20:57:50","modified_gmt":"2025-10-08T20:57:50","slug":"devenez-acteur-de-notre-conseil-dadministration","status":"publish","type":"page","link":"https:\/\/actionpositive.ca\/new\/index.php\/devenez-acteur-de-notre-conseil-dadministration\/","title":{"rendered":"Devenez acteur de notre conseil d&rsquo;administration"},"content":{"rendered":"\n<div class=\"wp-block-cover has-parallax\" style=\"min-height:256px;aspect-ratio:unset;\"><div class=\"wp-block-cover__image-background wp-image-53 size-large has-parallax\" style=\"background-position:50% 50%;background-image:url(https:\/\/actionpositive.ca\/new\/wp-content\/uploads\/2023\/07\/APVS-Green-Gradient-1024x586.png)\"><\/div><span aria-hidden=\"true\" class=\"wp-block-cover__background has-nv-c-2-background-color has-background-dim\"><\/span><div class=\"wp-block-cover__inner-container is-layout-constrained wp-block-cover-is-layout-constrained\">\n<p class=\"has-text-align-center has-x-large-font-size\"><strong>Devenez acteur de notre conseil d&rsquo;administration<\/strong><\/p>\n<\/div><\/div>\n\n\n\n<div style=\"height:50px\" aria-hidden=\"true\" class=\"wp-block-spacer\"><\/div>\n\n\n<div class=\"wp-block-image is-style-default\">\n<figure class=\"aligncenter size-large is-resized\"><a href=\"https:\/\/forms.office.com\/Pages\/ResponsePage.aspx?id=J16WOSE1M0-N68X-tSubs1Cwxjrm3L9Dv47noZERYqlUNkI2Q1FJM0k1UkNZN1hRMzBLTTA2STBaUS4u\" target=\"_blank\" rel=\" noreferrer noopener\"><img loading=\"lazy\" decoding=\"async\" width=\"1024\" height=\"1024\" src=\"https:\/\/actionpositive.ca\/new\/wp-content\/uploads\/2025\/08\/yellow-white-minimalist-job-vacancy-instagram-post-1-1024x1024.png\" alt=\"\" class=\"wp-image-456\" style=\"width:597px\" srcset=\"https:\/\/actionpositive.ca\/new\/wp-content\/uploads\/2025\/08\/yellow-white-minimalist-job-vacancy-instagram-post-1-1024x1024.png 1024w, https:\/\/actionpositive.ca\/new\/wp-content\/uploads\/2025\/08\/yellow-white-minimalist-job-vacancy-instagram-post-1-300x300.png 300w, https:\/\/actionpositive.ca\/new\/wp-content\/uploads\/2025\/08\/yellow-white-minimalist-job-vacancy-instagram-post-1-150x150.png 150w, https:\/\/actionpositive.ca\/new\/wp-content\/uploads\/2025\/08\/yellow-white-minimalist-job-vacancy-instagram-post-1-768x768.png 768w, https:\/\/actionpositive.ca\/new\/wp-content\/uploads\/2025\/08\/yellow-white-minimalist-job-vacancy-instagram-post-1.png 1080w\" sizes=\"auto, (max-width: 1024px) 100vw, 1024px\" \/><\/a><\/figure>\n<\/div>\n\n\n<div style=\"height:50px\" aria-hidden=\"true\" class=\"wp-block-spacer\"><\/div>\n\n\n\n<div class=\"wp-block-group is-nowrap is-layout-flex wp-container-core-group-is-layout-ad2f72ca wp-block-group-is-layout-flex\">\n<div style=\"height:100px;width:0px\" aria-hidden=\"true\" class=\"wp-block-spacer wp-container-content-e0b89f81\"><\/div>\n\n\n\n<p>ACTION POSITIVE est \u00e0 la recherche de nouvelles voix pour rejoindre son conseil d\u2019administration et contribuer \u00e0 l\u2019orientation strat\u00e9gique de l\u2019organisme. Si vous \u00eates passionn\u00e9\u00b7e par les enjeux li\u00e9s au VIH en Ontario et souhaitez jouer un r\u00f4le actif dans la gouvernance d\u2019un organisme engag\u00e9, cette opportunit\u00e9 est pour vous.<br><br><strong>Si\u00e9ger au conseil d\u2019administration, c\u2019est :<\/strong><br> &#8211; Participer \u00e0 la d\u00e9fense des droits des personnes vivant avec le VIH ;<br> &#8211; Soutenir la sant\u00e9 et le bien-\u00eatre des communaut\u00e9s 2SLGBTQIA+ francophones ;<br> &#8211; Contribuer \u00e0 la vision et aux d\u00e9cisions qui fa\u00e7onnent l\u2019avenir de l\u2019organisme.<br><br><strong>Qui recherchons-nous ?<\/strong><br>Des personnes :<br>&#8211; Engag\u00e9es dans leur communaut\u00e9 ;<br>&#8211; Ayant une exp\u00e9rience v\u00e9cue ou professionnelle li\u00e9e au VIH, \u00e0 la r\u00e9duction des m\u00e9faits ou \u00e0 la sant\u00e9 communautaire ;<br> &#8211; Poss\u00e9dant des comp\u00e9tences en gouvernance, finances, droit, ou communication ;<br> &#8211; Pr\u00eates \u00e0 collaborer dans un esprit d\u2019inclusion, d\u2019\u00e9quit\u00e9 et de solidarit\u00e9.<br><br>Conform\u00e9ment \u00e0 notre engagement envers l\u2019implication significative des personnes vivant avec le VIH,&nbsp;<strong>nous encourageons les candidatures de personnes s\u00e9ropositives<\/strong>.<br><br>Nous nous engageons \u00e9galement \u00e0 ce que la diversit\u00e9 du conseil refl\u00e8te celle des communaut\u00e9s vivant avec le VIH en Ontario, dans toute leur richesse et complexit\u00e9.<br><br><strong>Conditions pour poser votre candidature :<\/strong><br> &#8211; habiter en Ontario<br> &#8211; avoir plus de 18 ans <br> &#8211; \u00eatre francophone<br> &#8211; <a href=\"https:\/\/ised-isde.canada.ca\/site\/corporations-canada\/fr\/organisations-but-non-lucratif\/administrateurs#toc-04\">respecter les obligations l\u00e9gales li\u00e9es au r\u00f4le d\u2019administrateur\u00b7trice<\/a> <br> <br><strong>Int\u00e9ress\u00e9\u00b7e \u00e0 faire une diff\u00e9rence ?<\/strong><br>Cliquez ou scannez le code QR ci-dessous et remplissez le formulaire de mise en candidature. Pour toute question, n\u2019h\u00e9sitez pas \u00e0 nous contacter !<\/p>\n\n\n\n<div style=\"height:100px;width:0px\" aria-hidden=\"true\" class=\"wp-block-spacer wp-container-content-e0b89f81\"><\/div>\n<\/div>\n\n\n\n<div class=\"wp-block-group is-vertical is-content-justification-center is-layout-flex wp-container-core-group-is-layout-607a16ae wp-block-group-is-layout-flex\">\n<div class=\"wp-block-group alignwide\" style=\"padding-top:0;padding-bottom:0\"><div class=\"wp-block-group__inner-container is-layout-constrained wp-block-group-is-layout-constrained\"><div class=\"wp-block-image wp-duotone-unset-1\">\n<figure class=\"aligncenter size-large is-resized\"><a href=\"https:\/\/forms.office.com\/Pages\/ResponsePage.aspx?id=J16WOSE1M0-N68X-tSubs1Cwxjrm3L9Dv47noZERYqlUNkI2Q1FJM0k1UkNZN1hRMzBLTTA2STBaUS4u\"><img loading=\"lazy\" decoding=\"async\" width=\"1024\" height=\"1024\" src=\"https:\/\/actionpositive.ca\/new\/wp-content\/uploads\/2025\/08\/unnamed-4-3-1024x1024.png\" alt=\"\" class=\"wp-image-434\" style=\"width:350px\" srcset=\"https:\/\/actionpositive.ca\/new\/wp-content\/uploads\/2025\/08\/unnamed-4-3-1024x1024.png 1024w, https:\/\/actionpositive.ca\/new\/wp-content\/uploads\/2025\/08\/unnamed-4-3-300x300.png 300w, https:\/\/actionpositive.ca\/new\/wp-content\/uploads\/2025\/08\/unnamed-4-3-150x150.png 150w, https:\/\/actionpositive.ca\/new\/wp-content\/uploads\/2025\/08\/unnamed-4-3-768x768.png 768w, https:\/\/actionpositive.ca\/new\/wp-content\/uploads\/2025\/08\/unnamed-4-3.png 1200w\" sizes=\"auto, (max-width: 1024px) 100vw, 1024px\" \/><\/a><\/figure>\n<\/div>\n\n\n<div class=\"wp-block-columns is-layout-flex wp-container-core-columns-is-layout-9d6595d7 wp-block-columns-is-layout-flex\">\n<div class=\"wp-block-column is-layout-flow wp-block-column-is-layout-flow\" style=\"flex-basis:25%\"><\/div>\n\n\n\n<div class=\"wp-block-column is-layout-flow wp-block-column-is-layout-flow\" style=\"flex-basis:50%\"><\/div>\n\n\n\n<div class=\"wp-block-column is-layout-flow wp-block-column-is-layout-flow\" style=\"flex-basis:25%\"><\/div>\n<\/div>\n<\/div><\/div>\n\n\n\n<div class=\"wp-block-columns is-layout-flex wp-container-core-columns-is-layout-9d6595d7 wp-block-columns-is-layout-flex\">\n<div class=\"wp-block-column is-layout-flow wp-block-column-is-layout-flow\" style=\"flex-basis:15px\"><\/div>\n<\/div>\n<\/div>\n","protected":false},"excerpt":{"rendered":"<p>ACTION POSITIVE est \u00e0 la recherche de nouvelles voix pour rejoindre son conseil d\u2019administration et contribuer \u00e0 l\u2019orientation strat\u00e9gique de l\u2019organisme. Si vous \u00eates passionn\u00e9\u00b7e par les enjeux li\u00e9s au VIH en Ontario et souhaitez jouer un r\u00f4le actif dans la gouvernance d\u2019un organisme engag\u00e9, cette opportunit\u00e9 est pour vous. Si\u00e9ger au conseil d\u2019administration, c\u2019est&hellip;&nbsp;<a href=\"https:\/\/actionpositive.ca\/new\/index.php\/devenez-acteur-de-notre-conseil-dadministration\/\" rel=\"bookmark\">Read More &raquo;<span class=\"screen-reader-text\">Devenez acteur de notre conseil d&rsquo;administration<\/span><\/a><\/p>\n","protected":false},"author":1,"featured_media":0,"parent":0,"menu_order":0,"comment_status":"closed","ping_status":"closed","template":"","meta":{"neve_meta_sidebar":"","neve_meta_container":"","neve_meta_enable_content_width":"","neve_meta_content_width":0,"neve_meta_title_alignment":"","neve_meta_author_avatar":"","neve_post_elements_order":"","neve_meta_disable_header":"","neve_meta_disable_footer":"","neve_meta_disable_title":"","neve_meta_reading_time":"","footnotes":""},"class_list":["post-422","page","type-page","status-publish","hentry"],"jetpack_sharing_enabled":true,"_links":{"self":[{"href":"https:\/\/actionpositive.ca\/new\/index.php\/wp-json\/wp\/v2\/pages\/422","targetHints":{"allow":["GET"]}}],"collection":[{"href":"https:\/\/actionpositive.ca\/new\/index.php\/wp-json\/wp\/v2\/pages"}],"about":[{"href":"https:\/\/actionpositive.ca\/new\/index.php\/wp-json\/wp\/v2\/types\/page"}],"author":[{"embeddable":true,"href":"https:\/\/actionpositive.ca\/new\/index.php\/wp-json\/wp\/v2\/users\/1"}],"replies":[{"embeddable":true,"href":"https:\/\/actionpositive.ca\/new\/index.php\/wp-json\/wp\/v2\/comments?post=422"}],"version-history":[{"count":24,"href":"https:\/\/actionpositive.ca\/new\/index.php\/wp-json\/wp\/v2\/pages\/422\/revisions"}],"predecessor-version":[{"id":482,"href":"https:\/\/actionpositive.ca\/new\/index.php\/wp-json\/wp\/v2\/pages\/422\/revisions\/482"}],"wp:attachment":[{"href":"https:\/\/actionpositive.ca\/new\/index.php\/wp-json\/wp\/v2\/media?parent=422"}],"curies":[{"name":"wp","href":"https:\/\/api.w.org\/{rel}","templated":true}]}}