{"id":484,"date":"2025-10-09T18:21:27","date_gmt":"2025-10-09T18:21:27","guid":{"rendered":"https:\/\/actionpositive.ca\/new\/?page_id=484"},"modified":"2026-03-03T20:44:39","modified_gmt":"2026-03-03T20:44:39","slug":"recrutement","status":"publish","type":"page","link":"https:\/\/actionpositive.ca\/new\/index.php\/recrutement\/","title":{"rendered":"Recrutement"},"content":{"rendered":"\n<div class=\"wp-block-cover has-parallax\" style=\"min-height:256px;aspect-ratio:unset;\"><div class=\"wp-block-cover__image-background wp-image-53 size-large has-parallax\" style=\"background-position:50% 50%;background-image:url(https:\/\/actionpositive.ca\/new\/wp-content\/uploads\/2023\/07\/APVS-Green-Gradient-1024x586.png)\"><\/div><span aria-hidden=\"true\" class=\"wp-block-cover__background has-nv-c-2-background-color has-background-dim\"><\/span><div class=\"wp-block-cover__inner-container is-layout-constrained wp-block-cover-is-layout-constrained\">\n<p class=\"has-text-align-center has-x-large-font-size\"><strong>Action Positive recrute !<\/strong><\/p>\n<\/div><\/div>\n\n\n\n<h1 class=\"wp-block-heading\" id=\"h.6l0c2vfh9li7_l\">Rejoignez notre \u00e9quipe !&nbsp;<\/h1>\n\n\n\n<p>Action Positive, la seule organisation francophone exclusivement d\u00e9di\u00e9e \u00e0 la lutte contre le VIH et la r\u00e9duction des m\u00e9faits \u00e0 Toronto, est \u00e0 la recherche de personnes qualifi\u00e9es pour combler les postes ci-dessous.&nbsp;<\/p>\n\n\n\n<p><strong>Vous \u00eates int\u00e9ress\u00e9.e ?&nbsp;<\/strong><strong><br><\/strong><strong>Postulez en suivant les instructions de la section \u00ab\u00a0Comment postuler ?\u00a0\u00bb disponible en bas de&nbsp;<\/strong><strong>chaque&nbsp;<\/strong><strong>annonce.<\/strong><strong>&nbsp;<\/strong><\/p>\n\n\n\n<p>Action Positive est actuellement \u00e0 la recherche de : <br> &#8211; Intervenant.e communautaire \u00e0 temps partiel, Sp\u00e9cialisation en comportements sexuels compulsifs <em>(ouverture du poste jusqu&rsquo;au 22 mars \u00e0 23 h 59)<\/em>.<\/p>\n\n\n\n<div data-wp-interactive=\"core\/file\" class=\"wp-block-file\"><object data-wp-bind--hidden=\"!state.hasPdfPreview\" hidden class=\"wp-block-file__embed\" data=\"https:\/\/actionpositive.ca\/new\/wp-content\/uploads\/2026\/03\/Action-Positive-Intervenant.e-communautaire.pdf\" type=\"application\/pdf\" style=\"width:100%;height:600px\" aria-label=\"Contenu incorpor\u00e9 Action Positive - Intervenant.e communautaire.\"><\/object><a id=\"wp-block-file--media-a58f819e-b388-4df2-9cde-7a368fc7dda3\" href=\"https:\/\/actionpositive.ca\/new\/wp-content\/uploads\/2026\/03\/Action-Positive-Intervenant.e-communautaire.pdf\">Action Positive &#8211; Intervenant.e communautaire<\/a><a href=\"https:\/\/actionpositive.ca\/new\/wp-content\/uploads\/2026\/03\/Action-Positive-Intervenant.e-communautaire.pdf\" class=\"wp-block-file__button wp-element-button\" download aria-describedby=\"wp-block-file--media-a58f819e-b388-4df2-9cde-7a368fc7dda3\">T\u00e9l\u00e9charger<\/a><\/div>\n\n\n\n<div class=\"wp-block-group is-vertical is-content-justification-center is-layout-flex wp-container-core-group-is-layout-607a16ae wp-block-group-is-layout-flex\">\n<div class=\"wp-block-group alignwide\" style=\"padding-top:0;padding-bottom:0\"><div class=\"wp-block-group__inner-container is-layout-constrained wp-block-group-is-layout-constrained\">\n<div class=\"wp-block-columns is-layout-flex wp-container-core-columns-is-layout-9d6595d7 wp-block-columns-is-layout-flex\">\n<div class=\"wp-block-column is-layout-flow wp-block-column-is-layout-flow\" style=\"flex-basis:25%\"><\/div>\n\n\n\n<div class=\"wp-block-column is-layout-flow wp-block-column-is-layout-flow\" style=\"flex-basis:50%\"><\/div>\n\n\n\n<div class=\"wp-block-column is-layout-flow wp-block-column-is-layout-flow\" style=\"flex-basis:25%\"><\/div>\n<\/div>\n<\/div><\/div>\n\n\n\n<div class=\"wp-block-columns is-layout-flex wp-container-core-columns-is-layout-9d6595d7 wp-block-columns-is-layout-flex\">\n<div class=\"wp-block-column is-layout-flow wp-block-column-is-layout-flow\" style=\"flex-basis:15px\"><\/div>\n<\/div>\n<\/div>\n","protected":false},"excerpt":{"rendered":"<p>Rejoignez notre \u00e9quipe !&nbsp; Action Positive, la seule organisation francophone exclusivement d\u00e9di\u00e9e \u00e0 la lutte contre le VIH et la r\u00e9duction des m\u00e9faits \u00e0 Toronto, est \u00e0 la recherche de personnes qualifi\u00e9es pour combler les postes ci-dessous.&nbsp; Vous \u00eates int\u00e9ress\u00e9.e ?&nbsp;Postulez en suivant les instructions de la section \u00ab\u00a0Comment postuler ?\u00a0\u00bb disponible en bas de&nbsp;chaque&nbsp;annonce.&nbsp;&hellip;&nbsp;<a href=\"https:\/\/actionpositive.ca\/new\/index.php\/recrutement\/\" rel=\"bookmark\">Read More &raquo;<span class=\"screen-reader-text\">Recrutement<\/span><\/a><\/p>\n","protected":false},"author":2,"featured_media":0,"parent":0,"menu_order":0,"comment_status":"closed","ping_status":"closed","template":"","meta":{"neve_meta_sidebar":"","neve_meta_container":"","neve_meta_enable_content_width":"","neve_meta_content_width":0,"neve_meta_title_alignment":"","neve_meta_author_avatar":"","neve_post_elements_order":"","neve_meta_disable_header":"","neve_meta_disable_footer":"","neve_meta_disable_title":"","neve_meta_reading_time":"","footnotes":""},"class_list":["post-484","page","type-page","status-publish","hentry"],"jetpack_sharing_enabled":true,"_links":{"self":[{"href":"https:\/\/actionpositive.ca\/new\/index.php\/wp-json\/wp\/v2\/pages\/484","targetHints":{"allow":["GET"]}}],"collection":[{"href":"https:\/\/actionpositive.ca\/new\/index.php\/wp-json\/wp\/v2\/pages"}],"about":[{"href":"https:\/\/actionpositive.ca\/new\/index.php\/wp-json\/wp\/v2\/types\/page"}],"author":[{"embeddable":true,"href":"https:\/\/actionpositive.ca\/new\/index.php\/wp-json\/wp\/v2\/users\/2"}],"replies":[{"embeddable":true,"href":"https:\/\/actionpositive.ca\/new\/index.php\/wp-json\/wp\/v2\/comments?post=484"}],"version-history":[{"count":5,"href":"https:\/\/actionpositive.ca\/new\/index.php\/wp-json\/wp\/v2\/pages\/484\/revisions"}],"predecessor-version":[{"id":535,"href":"https:\/\/actionpositive.ca\/new\/index.php\/wp-json\/wp\/v2\/pages\/484\/revisions\/535"}],"wp:attachment":[{"href":"https:\/\/actionpositive.ca\/new\/index.php\/wp-json\/wp\/v2\/media?parent=484"}],"curies":[{"name":"wp","href":"https:\/\/api.w.org\/{rel}","templated":true}]}}